{"id":733,"date":"2021-02-04T03:09:50","date_gmt":"2021-02-04T03:09:50","guid":{"rendered":"https:\/\/convergenciasocialrm.cl\/sitio\/?page_id=733"},"modified":"2021-02-16T18:26:46","modified_gmt":"2021-02-16T18:26:46","slug":"macarenafernandez","status":"publish","type":"page","link":"https:\/\/convergenciasocialrm.cl\/sitio\/macarenafernandez\/","title":{"rendered":"Macarena Fern\u00e1ndez &#8211; Concejala Providencia"},"content":{"rendered":"<p><img data-recalc-dims=\"1\" decoding=\"async\" class=\"alignnone  wp-image-920 aligncenter lazyload\" data-src=\"https:\/\/i0.wp.com\/convergenciasocialrm.cl\/sitio\/wp-content\/uploads\/2021\/02\/imagen_maca.png?resize=335%2C335&#038;ssl=1\" alt=\"\" width=\"335\" height=\"335\" data-srcset=\"https:\/\/i0.wp.com\/convergenciasocialrm.cl\/sitio\/wp-content\/uploads\/2021\/02\/imagen_maca.png?resize=300%2C300&amp;ssl=1 300w, https:\/\/i0.wp.com\/convergenciasocialrm.cl\/sitio\/wp-content\/uploads\/2021\/02\/imagen_maca.png?resize=1024%2C1024&amp;ssl=1 1024w, https:\/\/i0.wp.com\/convergenciasocialrm.cl\/sitio\/wp-content\/uploads\/2021\/02\/imagen_maca.png?resize=150%2C150&amp;ssl=1 150w, https:\/\/i0.wp.com\/convergenciasocialrm.cl\/sitio\/wp-content\/uploads\/2021\/02\/imagen_maca.png?resize=768%2C768&amp;ssl=1 768w, https:\/\/i0.wp.com\/convergenciasocialrm.cl\/sitio\/wp-content\/uploads\/2021\/02\/imagen_maca.png?resize=73%2C73&amp;ssl=1 73w, https:\/\/i0.wp.com\/convergenciasocialrm.cl\/sitio\/wp-content\/uploads\/2021\/02\/imagen_maca.png?resize=174%2C174&amp;ssl=1 174w, https:\/\/i0.wp.com\/convergenciasocialrm.cl\/sitio\/wp-content\/uploads\/2021\/02\/imagen_maca.png?resize=250%2C250&amp;ssl=1 250w, https:\/\/i0.wp.com\/convergenciasocialrm.cl\/sitio\/wp-content\/uploads\/2021\/02\/imagen_maca.png?w=1200&amp;ssl=1 1200w\" data-sizes=\"auto, (max-width: 335px) 100vw, 335px\" src=\"data:image\/svg+xml;base64,PHN2ZyB3aWR0aD0iMSIgaGVpZ2h0PSIxIiB4bWxucz0iaHR0cDovL3d3dy53My5vcmcvMjAwMC9zdmciPjwvc3ZnPg==\" style=\"--smush-placeholder-width: 335px; --smush-placeholder-aspect-ratio: 335\/335;\" \/><\/p>\n<table style=\"border-collapse: collapse;width: 100%;height: 147px\">\n<tbody>\n<tr style=\"height: 21px\">\n<td style=\"width: 17.5294%;height: 21px\">Nombre<\/td>\n<td style=\"width: 82.4706%;height: 21px\">Macarena Fern\u00e1ndez Donoso<\/td>\n<\/tr>\n<tr style=\"height: 21px\">\n<td style=\"width: 17.5294%;height: 21px\">Edad<\/td>\n<td style=\"width: 82.4706%;height: 21px\">29 a\u00f1os<\/td>\n<\/tr>\n<tr style=\"height: 21px\">\n<td style=\"width: 17.5294%;height: 21px\">Comuna<\/td>\n<td style=\"width: 82.4706%;height: 21px\">Providencia<\/td>\n<\/tr>\n<tr style=\"height: 21px\">\n<td style=\"width: 17.5294%;height: 21px\">Distrito<\/td>\n<td style=\"width: 82.4706%;height: 21px\">10<\/td>\n<\/tr>\n<tr style=\"height: 21px\">\n<td style=\"width: 17.5294%;height: 21px\">Cargo a postular<\/td>\n<td style=\"width: 82.4706%;height: 21px\">Concejala<\/td>\n<\/tr>\n<tr style=\"height: 21px\">\n<td style=\"width: 17.5294%;height: 21px\">Profesi\u00f3n u ocupaci\u00f3n<\/td>\n<td style=\"width: 82.4706%;height: 21px\">Ingeniera Agr\u00f3noma<\/td>\n<\/tr>\n<tr style=\"height: 21px\">\n<td style=\"width: 17.5294%;height: 21px\">Ejes de Campa\u00f1a<\/td>\n<td style=\"width: 82.4706%;height: 21px\">Fiscalizaci\u00f3n ecol\u00f3gica, sustentabilidad, feminismo, alimentaci\u00f3n saludable<\/td>\n<\/tr>\n<\/tbody>\n<\/table>\n<div dir=\"auto\"><\/div>\n<div dir=\"auto\"><\/div>\n<div dir=\"auto\">\n<table style=\"height: 30px;width: 100%;border-collapse: collapse\">\n<tbody>\n<tr style=\"background-color: #00ffff\">\n<td style=\"width: 3.1111%;text-align: center\"><\/td>\n<td style=\"width: 8.2876%;text-align: center\"><a href=\"https:\/\/www.instagram.com\/macafernandez.concejala\" target=\"_blank\" rel=\"noopener\"><img data-recalc-dims=\"1\" decoding=\"async\" class=\"alignnone wp-image-298 lazyload\" data-src=\"https:\/\/i0.wp.com\/convergenciasocialrm.cl\/sitio\/wp-content\/uploads\/2021\/01\/logo_instagram_transp-negro.png?resize=25%2C25&#038;ssl=1\" alt=\"\" width=\"25\" height=\"25\" data-srcset=\"https:\/\/i0.wp.com\/convergenciasocialrm.cl\/sitio\/wp-content\/uploads\/2021\/01\/logo_instagram_transp-negro.png?resize=73%2C73&amp;ssl=1 73w, https:\/\/i0.wp.com\/convergenciasocialrm.cl\/sitio\/wp-content\/uploads\/2021\/01\/logo_instagram_transp-negro.png?w=128&amp;ssl=1 128w\" data-sizes=\"auto, (max-width: 25px) 100vw, 25px\" src=\"data:image\/svg+xml;base64,PHN2ZyB3aWR0aD0iMSIgaGVpZ2h0PSIxIiB4bWxucz0iaHR0cDovL3d3dy53My5vcmcvMjAwMC9zdmciPjwvc3ZnPg==\" style=\"--smush-placeholder-width: 25px; --smush-placeholder-aspect-ratio: 25\/25;\" \/><\/a><\/td>\n<td style=\"width: 3.42487%;text-align: center\"><\/td>\n<td style=\"width: 9.54257%;text-align: center\"><a href=\"https:\/\/www.twitter.com\/macarenafdezd\" target=\"_blank\" rel=\"noopener\"><img data-recalc-dims=\"1\" decoding=\"async\" class=\"alignnone wp-image-299 lazyload\" data-src=\"https:\/\/i0.wp.com\/convergenciasocialrm.cl\/sitio\/wp-content\/uploads\/2021\/01\/logo_twitter_transp-negro.png?resize=25%2C25&#038;ssl=1\" alt=\"\" width=\"25\" height=\"25\" data-srcset=\"https:\/\/i0.wp.com\/convergenciasocialrm.cl\/sitio\/wp-content\/uploads\/2021\/01\/logo_twitter_transp-negro.png?w=128&amp;ssl=1 128w, https:\/\/i0.wp.com\/convergenciasocialrm.cl\/sitio\/wp-content\/uploads\/2021\/01\/logo_twitter_transp-negro.png?resize=73%2C73&amp;ssl=1 73w\" data-sizes=\"auto, (max-width: 25px) 100vw, 25px\" src=\"data:image\/svg+xml;base64,PHN2ZyB3aWR0aD0iMSIgaGVpZ2h0PSIxIiB4bWxucz0iaHR0cDovL3d3dy53My5vcmcvMjAwMC9zdmciPjwvc3ZnPg==\" style=\"--smush-placeholder-width: 25px; --smush-placeholder-aspect-ratio: 25\/25;\" \/><\/a><\/td>\n<td style=\"width: 2.87578%;text-align: center\"><\/td>\n<td style=\"width: 10.3269%;text-align: center\"><a href=\"https:\/\/www.facebook.com\/macafernandez.concejala\" target=\"_blank\" rel=\"noopener\"><img data-recalc-dims=\"1\" decoding=\"async\" class=\"alignnone wp-image-340 lazyload\" data-src=\"https:\/\/i0.wp.com\/convergenciasocialrm.cl\/sitio\/wp-content\/uploads\/2021\/01\/logo_facebook_transp-negro.png?resize=25%2C25&#038;ssl=1\" alt=\"\" width=\"25\" height=\"25\" data-srcset=\"https:\/\/i0.wp.com\/convergenciasocialrm.cl\/sitio\/wp-content\/uploads\/2021\/01\/logo_facebook_transp-negro.png?w=128&amp;ssl=1 128w, https:\/\/i0.wp.com\/convergenciasocialrm.cl\/sitio\/wp-content\/uploads\/2021\/01\/logo_facebook_transp-negro.png?resize=73%2C73&amp;ssl=1 73w\" data-sizes=\"auto, (max-width: 25px) 100vw, 25px\" src=\"data:image\/svg+xml;base64,PHN2ZyB3aWR0aD0iMSIgaGVpZ2h0PSIxIiB4bWxucz0iaHR0cDovL3d3dy53My5vcmcvMjAwMC9zdmciPjwvc3ZnPg==\" style=\"--smush-placeholder-width: 25px; --smush-placeholder-aspect-ratio: 25\/25;\" \/><\/a><\/td>\n<td style=\"width: 2.9542%;text-align: center\"><\/td>\n<td style=\"width: 9.62092%;text-align: center\"><a href=\"macarenafernandezconcejala@gmail.com\" target=\"_blank\" rel=\"noopener\"><img data-recalc-dims=\"1\" decoding=\"async\" class=\"alignnone wp-image-345 lazyload\" data-src=\"https:\/\/i0.wp.com\/convergenciasocialrm.cl\/sitio\/wp-content\/uploads\/2021\/01\/logo_email_transp-negro.png?resize=25%2C25&#038;ssl=1\" alt=\"abc_123@gmail.com\" width=\"25\" height=\"25\" data-srcset=\"https:\/\/i0.wp.com\/convergenciasocialrm.cl\/sitio\/wp-content\/uploads\/2021\/01\/logo_email_transp-negro.png?w=128&amp;ssl=1 128w, https:\/\/i0.wp.com\/convergenciasocialrm.cl\/sitio\/wp-content\/uploads\/2021\/01\/logo_email_transp-negro.png?resize=73%2C73&amp;ssl=1 73w\" data-sizes=\"auto, (max-width: 25px) 100vw, 25px\" src=\"data:image\/svg+xml;base64,PHN2ZyB3aWR0aD0iMSIgaGVpZ2h0PSIxIiB4bWxucz0iaHR0cDovL3d3dy53My5vcmcvMjAwMC9zdmciPjwvc3ZnPg==\" style=\"--smush-placeholder-width: 25px; --smush-placeholder-aspect-ratio: 25\/25;\" \/><\/a><\/td>\n<td style=\"width: 2.03263%;text-align: center\"><\/td>\n<td style=\"width: 10.3464%;text-align: center\"><\/td>\n<td style=\"width: 37.477%;text-align: center\"><\/td>\n<\/tr>\n<\/tbody>\n<\/table>\n<div dir=\"auto\"><\/div>\n<div dir=\"auto\">\n<p align=\"justify\">.. ..<\/p>\n<\/div>\n<\/div>\n<p align=\"justify\">\n","protected":false},"excerpt":{"rendered":"<p>Nombre Macarena Fern\u00e1ndez Donoso Edad 29 a\u00f1os Comuna Providencia Distrito 10 Cargo a postular Concejala Profesi\u00f3n u ocupaci\u00f3n Ingeniera Agr\u00f3noma Ejes de Campa\u00f1a Fiscalizaci\u00f3n ecol\u00f3gica, sustentabilidad, feminismo, alimentaci\u00f3n saludable .. ..<\/p>\n","protected":false},"author":36,"featured_media":0,"parent":0,"menu_order":0,"comment_status":"closed","ping_status":"closed","template":"","meta":{"nf_dc_page":"","footnotes":""},"class_list":["post-733","page","type-page","status-publish","hentry"],"jetpack_sharing_enabled":true,"_links":{"self":[{"href":"https:\/\/convergenciasocialrm.cl\/sitio\/wp-json\/wp\/v2\/pages\/733","targetHints":{"allow":["GET"]}}],"collection":[{"href":"https:\/\/convergenciasocialrm.cl\/sitio\/wp-json\/wp\/v2\/pages"}],"about":[{"href":"https:\/\/convergenciasocialrm.cl\/sitio\/wp-json\/wp\/v2\/types\/page"}],"author":[{"embeddable":true,"href":"https:\/\/convergenciasocialrm.cl\/sitio\/wp-json\/wp\/v2\/users\/36"}],"replies":[{"embeddable":true,"href":"https:\/\/convergenciasocialrm.cl\/sitio\/wp-json\/wp\/v2\/comments?post=733"}],"version-history":[{"count":3,"href":"https:\/\/convergenciasocialrm.cl\/sitio\/wp-json\/wp\/v2\/pages\/733\/revisions"}],"predecessor-version":[{"id":919,"href":"https:\/\/convergenciasocialrm.cl\/sitio\/wp-json\/wp\/v2\/pages\/733\/revisions\/919"}],"wp:attachment":[{"href":"https:\/\/convergenciasocialrm.cl\/sitio\/wp-json\/wp\/v2\/media?parent=733"}],"curies":[{"name":"wp","href":"https:\/\/api.w.org\/{rel}","templated":true}]}}