{"id":374,"date":"2021-01-27T01:38:34","date_gmt":"2021-01-27T01:38:34","guid":{"rendered":"https:\/\/convergenciasocialrm.cl\/sitio\/?page_id=374"},"modified":"2021-01-28T06:57:51","modified_gmt":"2021-01-28T06:57:51","slug":"lorenaolavarria","status":"publish","type":"page","link":"https:\/\/convergenciasocialrm.cl\/sitio\/lorenaolavarria\/","title":{"rendered":"Lorena Olavarr\u00eda &#8211; Alcaldesa Melipilla"},"content":{"rendered":"<p><img data-recalc-dims=\"1\" decoding=\"async\" class=\"aligncenter wp-image-417 lazyload\" data-src=\"https:\/\/i0.wp.com\/convergenciasocialrm.cl\/sitio\/wp-content\/uploads\/2021\/01\/cs_cand_lorena-olavarria_alcaldesa_melipilla_logo.png?resize=427%2C426&#038;ssl=1\" alt=\"\" width=\"427\" height=\"426\" data-srcset=\"https:\/\/i0.wp.com\/convergenciasocialrm.cl\/sitio\/wp-content\/uploads\/2021\/01\/cs_cand_lorena-olavarria_alcaldesa_melipilla_logo.png?resize=300%2C300&amp;ssl=1 300w, https:\/\/i0.wp.com\/convergenciasocialrm.cl\/sitio\/wp-content\/uploads\/2021\/01\/cs_cand_lorena-olavarria_alcaldesa_melipilla_logo.png?resize=150%2C150&amp;ssl=1 150w, https:\/\/i0.wp.com\/convergenciasocialrm.cl\/sitio\/wp-content\/uploads\/2021\/01\/cs_cand_lorena-olavarria_alcaldesa_melipilla_logo.png?resize=768%2C766&amp;ssl=1 768w, https:\/\/i0.wp.com\/convergenciasocialrm.cl\/sitio\/wp-content\/uploads\/2021\/01\/cs_cand_lorena-olavarria_alcaldesa_melipilla_logo.png?resize=73%2C73&amp;ssl=1 73w, https:\/\/i0.wp.com\/convergenciasocialrm.cl\/sitio\/wp-content\/uploads\/2021\/01\/cs_cand_lorena-olavarria_alcaldesa_melipilla_logo.png?resize=174%2C174&amp;ssl=1 174w, https:\/\/i0.wp.com\/convergenciasocialrm.cl\/sitio\/wp-content\/uploads\/2021\/01\/cs_cand_lorena-olavarria_alcaldesa_melipilla_logo.png?resize=250%2C250&amp;ssl=1 250w, https:\/\/i0.wp.com\/convergenciasocialrm.cl\/sitio\/wp-content\/uploads\/2021\/01\/cs_cand_lorena-olavarria_alcaldesa_melipilla_logo.png?w=792&amp;ssl=1 792w\" data-sizes=\"auto, (max-width: 427px) 100vw, 427px\" src=\"data:image\/svg+xml;base64,PHN2ZyB3aWR0aD0iMSIgaGVpZ2h0PSIxIiB4bWxucz0iaHR0cDovL3d3dy53My5vcmcvMjAwMC9zdmciPjwvc3ZnPg==\" style=\"--smush-placeholder-width: 427px; --smush-placeholder-aspect-ratio: 427\/426;\" \/><\/p>\n<table style=\"border-collapse: collapse; width: 100%; height: 126px;\">\n<tbody>\n<tr style=\"height: 21px;\">\n<td style=\"width: 17.5294%; height: 21px;\">Nombre<\/td>\n<td style=\"width: 82.4706%; height: 21px;\">Lorena Olavarr\u00eda<\/td>\n<\/tr>\n<tr style=\"height: 21px;\">\n<td style=\"width: 17.5294%; height: 21px;\">Edad<\/td>\n<td style=\"width: 82.4706%; height: 21px;\">30 a\u00f1os<\/td>\n<\/tr>\n<tr style=\"height: 21px;\">\n<td style=\"width: 17.5294%; height: 21px;\">Comuna<\/td>\n<td style=\"width: 82.4706%; height: 21px;\">Melipilla<\/td>\n<\/tr>\n<tr style=\"height: 21px;\">\n<td style=\"width: 17.5294%; height: 21px;\">Distrito<\/td>\n<td style=\"width: 82.4706%; height: 21px;\">14<\/td>\n<\/tr>\n<tr style=\"height: 21px;\">\n<td style=\"width: 17.5294%; height: 21px;\">Cargo a postular<\/td>\n<td style=\"width: 82.4706%; height: 21px;\">Alcaldesa<\/td>\n<\/tr>\n<tr style=\"height: 21px;\">\n<td style=\"width: 17.5294%; height: 21px;\">Profesi\u00f3n u ocupaci\u00f3n<\/td>\n<td style=\"width: 82.4706%; height: 21px;\">T\u00e9cnico Jur\u00eddico, Gestora Cultural<\/td>\n<\/tr>\n<tr>\n<td style=\"width: 17.5294%;\">Ejes de Campa\u00f1a<\/td>\n<td style=\"width: 82.4706%;\">Feminismo, Cultura, Econom\u00eda, Ecolog\u00eda, Ciencias e innovaci\u00f3n<\/td>\n<\/tr>\n<\/tbody>\n<\/table>\n<div dir=\"auto\"><\/div>\n<div dir=\"auto\"><\/div>\n<div dir=\"auto\">\n<table style=\"height: 30px; width: 100%; border-collapse: collapse;\">\n<tbody>\n<tr style=\"background-color: #00ffff;\">\n<td style=\"width: 3.1111%; text-align: center;\"><\/td>\n<td style=\"width: 8.2876%; text-align: center;\"><a href=\"https:\/\/www.instagram.com\/lorenaporelbuenvivir\/\" target=\"_blank\" rel=\"noopener\"><img data-recalc-dims=\"1\" decoding=\"async\" class=\"alignnone wp-image-298 lazyload\" data-src=\"https:\/\/i0.wp.com\/convergenciasocialrm.cl\/sitio\/wp-content\/uploads\/2021\/01\/logo_instagram_transp-negro.png?resize=25%2C25&#038;ssl=1\" alt=\"\" width=\"25\" height=\"25\" data-srcset=\"https:\/\/i0.wp.com\/convergenciasocialrm.cl\/sitio\/wp-content\/uploads\/2021\/01\/logo_instagram_transp-negro.png?resize=73%2C73&amp;ssl=1 73w, https:\/\/i0.wp.com\/convergenciasocialrm.cl\/sitio\/wp-content\/uploads\/2021\/01\/logo_instagram_transp-negro.png?w=128&amp;ssl=1 128w\" data-sizes=\"auto, (max-width: 25px) 100vw, 25px\" src=\"data:image\/svg+xml;base64,PHN2ZyB3aWR0aD0iMSIgaGVpZ2h0PSIxIiB4bWxucz0iaHR0cDovL3d3dy53My5vcmcvMjAwMC9zdmciPjwvc3ZnPg==\" style=\"--smush-placeholder-width: 25px; --smush-placeholder-aspect-ratio: 25\/25;\" \/><\/a><\/td>\n<td style=\"width: 3.42487%; text-align: center;\"><\/td>\n<td style=\"width: 9.15041%; text-align: center;\"><a href=\"https:\/\/twitter.com\/LoreOlavarriaB\" target=\"_blank\" rel=\"noopener\"><img data-recalc-dims=\"1\" decoding=\"async\" class=\"alignnone wp-image-299 lazyload\" data-src=\"https:\/\/i0.wp.com\/convergenciasocialrm.cl\/sitio\/wp-content\/uploads\/2021\/01\/logo_twitter_transp-negro.png?resize=25%2C25&#038;ssl=1\" alt=\"\" width=\"25\" height=\"25\" data-srcset=\"https:\/\/i0.wp.com\/convergenciasocialrm.cl\/sitio\/wp-content\/uploads\/2021\/01\/logo_twitter_transp-negro.png?w=128&amp;ssl=1 128w, https:\/\/i0.wp.com\/convergenciasocialrm.cl\/sitio\/wp-content\/uploads\/2021\/01\/logo_twitter_transp-negro.png?resize=73%2C73&amp;ssl=1 73w\" data-sizes=\"auto, (max-width: 25px) 100vw, 25px\" src=\"data:image\/svg+xml;base64,PHN2ZyB3aWR0aD0iMSIgaGVpZ2h0PSIxIiB4bWxucz0iaHR0cDovL3d3dy53My5vcmcvMjAwMC9zdmciPjwvc3ZnPg==\" style=\"--smush-placeholder-width: 25px; --smush-placeholder-aspect-ratio: 25\/25;\" \/><\/a><\/td>\n<td style=\"width: 3.66009%; text-align: center;\"><\/td>\n<td style=\"width: 9.30721%; text-align: center;\"><a href=\"https:\/\/www.facebook.com\/lorenaporelbuenvivir\" target=\"_blank\" rel=\"noopener\"><img data-recalc-dims=\"1\" decoding=\"async\" class=\"alignnone wp-image-340 lazyload\" data-src=\"https:\/\/i0.wp.com\/convergenciasocialrm.cl\/sitio\/wp-content\/uploads\/2021\/01\/logo_facebook_transp-negro.png?resize=25%2C25&#038;ssl=1\" alt=\"\" width=\"25\" height=\"25\" data-srcset=\"https:\/\/i0.wp.com\/convergenciasocialrm.cl\/sitio\/wp-content\/uploads\/2021\/01\/logo_facebook_transp-negro.png?w=128&amp;ssl=1 128w, https:\/\/i0.wp.com\/convergenciasocialrm.cl\/sitio\/wp-content\/uploads\/2021\/01\/logo_facebook_transp-negro.png?resize=73%2C73&amp;ssl=1 73w\" data-sizes=\"auto, (max-width: 25px) 100vw, 25px\" src=\"data:image\/svg+xml;base64,PHN2ZyB3aWR0aD0iMSIgaGVpZ2h0PSIxIiB4bWxucz0iaHR0cDovL3d3dy53My5vcmcvMjAwMC9zdmciPjwvc3ZnPg==\" style=\"--smush-placeholder-width: 25px; --smush-placeholder-aspect-ratio: 25\/25;\" \/><\/a><\/td>\n<td style=\"width: 2.64052%; text-align: center;\"><\/td>\n<td style=\"width: 8.05224%; text-align: center;\"><\/td>\n<td style=\"width: 52.366%; text-align: center;\"><\/td>\n<\/tr>\n<\/tbody>\n<\/table>\n<div dir=\"auto\"><\/div>\n<\/div>\n<div dir=\"auto\">\n<p class=\"p1\">Lorena Catalina Olavarr\u00eda Baeza, 30 a\u00f1os. T\u00e9cnico jur\u00eddico, Gestora Cultural, cantautora, compositora e int\u00e9rprete musical. Guitarra y coros en Cat\u00e1rtica Animal. Diplomada en Gesti\u00f3n de Cooperativas y Econom\u00eda Social y Solidaria, USACH. Presidenta de Cooperativa Fractal. Feminista y Disidente.<\/p>\n<p class=\"p1\">Nacida y criada en Melipilla, capital de la Provincia de Melipilla. Hija de Raquel Baeza (profesora y contadora) y Marco Olavarr\u00eda (Contador Auditor). Durante mi etapa escolar, siempre fui amistosa y solidaria con mis compa\u00f1eras\/os de curso, muy t\u00edmida pero bien activa en Ajedrez, B\u00e1squetbol y M\u00fasica (Orquesta y Folcklor). Particip\u00e9 en varios campeonatos a nivel local y nacional en los deportes de Ajedrez y B\u00e1squetbol, logrando algunos reconocimientos. A nivel musical, destaco\u00a0mi participaci\u00f3n en la Orquesta del Colegio Melipilla, Colegio donde curs\u00e9 la mayor\u00eda de niveles en etapa escolar.<\/p>\n<p class=\"p1\">A mis 18 a\u00f1os, me inscrib\u00ed voluntariamente en servel para votar.<\/p>\n<p class=\"p1\">A mis 19 a\u00f1os, con ganas de participar en pol\u00edtica, apoy\u00e9 la candidatura de Marco Enr\u00edquez.Ominami, indignada en aquel entonces, porque su partido le neg\u00f3 la posibilidad de ir a primarias con Eduardo Frei. En su campa\u00f1a, fui coordinadora territorial a nivel comunal. Me invitaron a ser parte de su partido, pero no quise por mantener mi independencia y no sent\u00ed la necesidad de ser parte de uno.<\/p>\n<p class=\"p1\">Ese mismo a\u00f1o comenc\u00e9 a estudiar T\u00e9cnico Jur\u00eddico (Vespertino) en la instituci\u00f3n Duoc UC, etapa en que particip\u00e9 activamente como delegada de generaci\u00f3n de mi carrera. Fui alumna ayudante de la Escuela de Administraci\u00f3n y Negocios y del \u00e1rea de Educaci\u00f3n Cont\u00ednua de Duoc UC.<\/p>\n<p class=\"p1\">Entre el 2010 y 2012, integr\u00e9 mi primera banda de rock pop, lo que me permiti\u00f3 conocer el circuito musical de la comuna, que siempre fue muy activo.<\/p>\n<p class=\"p1\">Entre los a\u00f1os 2012 y 2017, trabaj\u00e9 en el Centro Cultural S\u00fabete a las Tablas, como productora, encargada de difusi\u00f3n y gesti\u00f3n de recursos del Festival S\u00fabete a las Tablas, teatro itinerante en Melipilla. Este trabajo me permiti\u00f3 conocer m\u00e1s la comuna, establecer v\u00ednculos con las organizaciones sociales y desarrollar un proyecto com\u00fan, que hasta el d\u00eda de hoy, perdura.<\/p>\n<p class=\"p1\">El 2013 apoy\u00e9, de manera simb\u00f3lica, en la campa\u00f1a de Alfredo Sfeir.<\/p>\n<p class=\"p1\">Entre los a\u00f1os 2013 y 2015 lider\u00e9 mi segunda banda Deaveris, logrando grabar un EP y con varias tocatas en la escena under del pa\u00eds.<\/p>\n<p class=\"p1\">El 2014-2015, trabaj\u00e9 como Coordinadora de Asuntos Estudiantiles en Duoc UC (reemplazo), conociendo la realidad de la ense\u00f1anza superior en la comuna, que es muy escaza, y aportando en la construcci\u00f3n de pol\u00edtica institucional, promoviendo la participaci\u00f3n estudiantil y generando instancias formativas paralelas a las formales.<\/p>\n<p class=\"p1\">El a\u00f1o 2015 particip\u00e9 activamente en la Asamblea Cultural, espacio de articulaci\u00f3n cultural por la defensa de los Cabildos Culturales que defin\u00edan una l\u00ednea para la pol\u00edtica cultural en Melipilla. Logramos presionar para que se creara la Corporaci\u00f3n Cultural Municipal en Melipilla. Lamentablemente, ninguna administraci\u00f3n alcaldicia ha logrado dotar de pol\u00edtica cultural a la comuna, lo que pretendemos revertir.<\/p>\n<p class=\"p1\">El a\u00f1o 2016 fui candidata a concejala en el pacto Poder Ecologista y Ciudadano, como independiente con cupo del Partido Ecologista Verde. Fuimos la candidatura independiente m\u00e1s votada. Ese mismo a\u00f1o, trabaj\u00e9 como asistente de coordinaci\u00f3n nacional de proyecto trama, red de trabajadores de la cultura, financiado por la Uni\u00f3n Europea.<\/p>\n<p class=\"p1\">Durante el 2016, fui parte de la primera colectiva feminista en Melipilla.<\/p>\n<p class=\"p1\">Durante ese mismo a\u00f1o particip\u00e9 activamente en la Mesa Provincial para la equidad de G\u00e9nero de Melipilla y en la Mesa Migrante de Melipilla. A finales de 2016, fundamos la Cooperativa Fractal (ex SMart Chile), Cooperativa que formaliza el trabajo independiente, entregando cobertura previsional y derechos sociales a socias y socios.<\/p>\n<p class=\"p1\">El 2017 fui encargada territorial provincial de la campa\u00f1a de Paola Palacios como CORE, sacamos 4500 votos aprox.<\/p>\n<p class=\"p1\">El 2018 fundamos Mov. Autonomista Melipilla. Particip\u00e9 tambi\u00e9n en el frente feminista hasta la Convergencia.\u00a0 Ese mismo a\u00f1o asumo como presidenta de la Cooperativa Fractal, que busca formalizar el trabajo independiente de nuestro sector cultural.<\/p>\n<p class=\"p1\">El 2018 integro la banda Cat\u00e1rtica Animal (electro cumbia), hasta la actualidad, como int\u00e9rprete y corista.<\/p>\n<p class=\"p1\">El 2019 firmante fundante de nuestro partido Convergencia Social.<\/p>\n<p class=\"p1\">Ese mismo a\u00f1o en Agosto, levantamos el frente de disidencias sexuales y de g\u00e9nero del partido a nivel RM y a finales del 2019, a nivel nacional. Fui Coordinadora del espacio hasta septiembre del 2020. Es ese a\u00f1o que inicio un activismo disidente de manera visible.<\/p>\n<p class=\"p1\">El a\u00f1o 2020 nos articulamos para levantar la comisi\u00f3n cultura CS y logramos como FREDDI entrar al CC, luego de que se aprobara nuestro plan pol\u00edtico. En julio del 2020 regreso al comunal Melipilla, para seguir fortaleciendo el despliegue de nuestro proyecto a nivel local, llegando a ser vocera comunal y actualmente, candidata a alcaldesa del Frente Amplio.<\/p>\n<p>&nbsp;<\/p>\n<\/div>\n","protected":false},"excerpt":{"rendered":"<p>Nombre Lorena Olavarr\u00eda Edad 30 a\u00f1os Comuna Melipilla Distrito 14 Cargo a postular Alcaldesa Profesi\u00f3n u ocupaci\u00f3n T\u00e9cnico Jur\u00eddico, Gestora Cultural Ejes de Campa\u00f1a Feminismo, Cultura, Econom\u00eda, Ecolog\u00eda, Ciencias e innovaci\u00f3n Lorena Catalina Olavarr\u00eda Baeza, 30 a\u00f1os. T\u00e9cnico jur\u00eddico, Gestora Cultural, cantautora, compositora e int\u00e9rprete musical. Guitarra y coros en Cat\u00e1rtica Animal. Diplomada en Gesti\u00f3n<a href=\"https:\/\/convergenciasocialrm.cl\/sitio\/lorenaolavarria\/\">[&#8230;]<\/a><\/p>\n","protected":false},"author":6,"featured_media":0,"parent":0,"menu_order":0,"comment_status":"closed","ping_status":"closed","template":"","meta":{"nf_dc_page":"","footnotes":""},"class_list":["post-374","page","type-page","status-publish","hentry"],"jetpack_sharing_enabled":true,"_links":{"self":[{"href":"https:\/\/convergenciasocialrm.cl\/sitio\/wp-json\/wp\/v2\/pages\/374","targetHints":{"allow":["GET"]}}],"collection":[{"href":"https:\/\/convergenciasocialrm.cl\/sitio\/wp-json\/wp\/v2\/pages"}],"about":[{"href":"https:\/\/convergenciasocialrm.cl\/sitio\/wp-json\/wp\/v2\/types\/page"}],"author":[{"embeddable":true,"href":"https:\/\/convergenciasocialrm.cl\/sitio\/wp-json\/wp\/v2\/users\/6"}],"replies":[{"embeddable":true,"href":"https:\/\/convergenciasocialrm.cl\/sitio\/wp-json\/wp\/v2\/comments?post=374"}],"version-history":[{"count":7,"href":"https:\/\/convergenciasocialrm.cl\/sitio\/wp-json\/wp\/v2\/pages\/374\/revisions"}],"predecessor-version":[{"id":554,"href":"https:\/\/convergenciasocialrm.cl\/sitio\/wp-json\/wp\/v2\/pages\/374\/revisions\/554"}],"wp:attachment":[{"href":"https:\/\/convergenciasocialrm.cl\/sitio\/wp-json\/wp\/v2\/media?parent=374"}],"curies":[{"name":"wp","href":"https:\/\/api.w.org\/{rel}","templated":true}]}}